{"id":71864,"date":"2025-02-21T09:49:07","date_gmt":"2025-02-21T09:49:07","guid":{"rendered":"https:\/\/brickeryhomes.hu\/?page_id=71864"},"modified":"2025-04-22T14:31:48","modified_gmt":"2025-04-22T14:31:48","slug":"jognyilatkozat","status":"publish","type":"page","link":"https:\/\/brickeryhomes.hu\/en\/jognyilatkozat\/","title":{"rendered":"Legal notice"},"content":{"rendered":"<p>[et_pb_section fb_built=\"1\u2033 _builder_version=\"4.27.2\u2033 _module_preset=\"default\" global_colors_info=\"{}\"][et_pb_row _builder_version=\"4.27.4\u2033 _module_preset=\"default\" custom_margin_tablet=\"\" custom_margin_phone=\"-37px||||false|false\" custom_margin_last_edited=\"on|phone\" hover_enabled=\"0\u2033 global_colors_info=\"{}\" custom_margin=\"-40px||||false|false\" sticky_enabled=\"0\u2033][et_pb_column type=\"4_4\u2033 _builder_version=\"4.27.2\u2033 _module_preset=\"default\" global_colors_info=\"{}\"][et_pb_text ul_position=\"inside\" ul_item_indent=\"15px\" quote_border_color=\"#14A0D3\u2033 _builder_version=\"4.27.4\u2033 _module_preset=\u201d454fcd34-5309-41c3-b69c-bf1456acad59\u2033 text_font=\"||||||||\" text_font_size=\"16px\" link_font=\"|600||on||#C07B9A|\" link_text_color=\"#C07B9A\" ul_font=\"|300|||||||\" quote_font=\"||on||||||\" header_font=\"Poppins|600|||||||\" header_text_color=\"#3e5666\u2033 header_font_size=\"48px\" header_letter_spacing=\"1px\" header_line_height=\"1.8em\" header_2_font=\"|600|||||||\" header_2_font_size=\"32px\" header_2_letter_spacing=\"1px\" header_2_line_height=\"1.5em\" header_3_font=\"|700|||||||\" header_3_font_size=\"24px\" header_3_letter_spacing=\"1px\" header_3_line_height=\"1.2em\" header_4_font_size=\"24px\" header_4_line_height=\"1.5em\" header_5_font=\"|700|||||||\" header_5_text_color=\"#14A0D3\u2033 header_5_font_size=\"18px\" header_5_letter_spacing=\"1px\" header_5_line_height=\"1.4em\" header_6_font=\"|600|||||||\" header_6_text_color=\"#C07B9A\" header_6_font_size=\"18px\" header_6_letter_spacing=\"1px\" header_6_line_height=\"1.4em\" hover_enabled=\"0\u2033 header_font_size_tablet=\"48px\" header_font_size_phone=\"33px\" header_font_size_last_edited=\"on|phone\" header_line_height_tablet=\"1.8em\" header_line_height_phone=\"1.4em\" header_line_height_last_edited=\"on|phone\" global_colors_info=\"{}\" sticky_enabled=\"0\u2033]<\/p>\n<h1>LEGAL NOTICE<\/h1>\n<p><strong>Copyright<\/strong><\/p>\n<p>The websites operated by Magyar Ingatlanberuh\u00e1z\u00f3 Zrt., along with all visual and textual content and their arrangement, are protected by copyright and trademark laws. Any use beyond personal purposes is strictly prohibited without the express written consent of Magyar Ingatlanberuh\u00e1z\u00f3 Zrt.<\/p>\n<p><strong>Information<\/strong><\/p>\n<p>The information, data, and terms displayed on the websites of Magyar Ingatlanberuh\u00e1z\u00f3 Zrt. are provided for informational purposes only. Magyar Ingatlanberuh\u00e1z\u00f3 Zrt. and the developer do not guarantee the completeness or accuracy of the information and disclaim any liability for damages, losses, or expenses that may arise from the use of, or inability to use, the websites, from any malfunction or operational disruption, unauthorized alteration of data, delays in information transmission, computer viruses, or line or system failures, or any similar causes.<\/p>\n<p><strong>Protection of personal data<\/strong><\/p>\n<p>The developer's appointed representative, Magyar Ingatlanberuh\u00e1z\u00f3 Zrt., manages any personal data obtained during the use of the websites in accordance with its<span>\u00a0<\/span><a href=\"https:\/\/brickeryhomes.hu\/en\/adatvedelem\/\" target=\"_blank\" rel=\"noopener\">Data Protection Policy.<\/a><span>\u00a0<\/span>.<\/p>\n<p>Magyar Ingatlanberuh\u00e1z\u00f3 Zrt. treats all information, facts, and data concerning its clients' identity, personal details, and financial status as confidential.<\/p>\n<p>All data transmitted to Magyar Ingatlanberuh\u00e1z\u00f3 Zrt. via the Internet is afforded the same level of protection as data submitted through other means.<\/p>\n<p>[\/et_pb_text][\/et_pb_column][\/et_pb_row][\/et_pb_section]<\/p>","protected":false},"excerpt":{"rendered":"<p>Copyright The websites of Magyar Ingatlanberuh\u00e1z\u00f3 Zrt., all visual and textual content and their layout are protected by copyright and trademark, and any use of them in any form beyond personal use is only possible with the express written permission of Magyar Ingatlanberuh\u00e1z\u00f3 Zrt. Information The information, data, [...]<\/p>","protected":false},"author":1,"featured_media":0,"parent":0,"menu_order":0,"comment_status":"closed","ping_status":"closed","template":"","meta":{"_et_pb_use_builder":"on","_et_pb_old_content":"<!-- wp:divi\/placeholder \/-->","_et_gb_content_width":"","footnotes":""},"class_list":["post-71864","page","type-page","status-publish","hentry"],"_links":{"self":[{"href":"https:\/\/brickeryhomes.hu\/en\/wp-json\/wp\/v2\/pages\/71864","targetHints":{"allow":["GET"]}}],"collection":[{"href":"https:\/\/brickeryhomes.hu\/en\/wp-json\/wp\/v2\/pages"}],"about":[{"href":"https:\/\/brickeryhomes.hu\/en\/wp-json\/wp\/v2\/types\/page"}],"author":[{"embeddable":true,"href":"https:\/\/brickeryhomes.hu\/en\/wp-json\/wp\/v2\/users\/1"}],"replies":[{"embeddable":true,"href":"https:\/\/brickeryhomes.hu\/en\/wp-json\/wp\/v2\/comments?post=71864"}],"version-history":[{"count":7,"href":"https:\/\/brickeryhomes.hu\/en\/wp-json\/wp\/v2\/pages\/71864\/revisions"}],"predecessor-version":[{"id":72705,"href":"https:\/\/brickeryhomes.hu\/en\/wp-json\/wp\/v2\/pages\/71864\/revisions\/72705"}],"wp:attachment":[{"href":"https:\/\/brickeryhomes.hu\/en\/wp-json\/wp\/v2\/media?parent=71864"}],"curies":[{"name":"wp","href":"https:\/\/api.w.org\/{rel}","templated":true}]}}