{"id":71862,"date":"2025-02-21T09:48:46","date_gmt":"2025-02-21T09:48:46","guid":{"rendered":"https:\/\/brickeryhomes.hu\/?page_id=71862"},"modified":"2025-04-17T08:36:37","modified_gmt":"2025-04-17T08:36:37","slug":"impresszum","status":"publish","type":"page","link":"https:\/\/brickeryhomes.hu\/en\/impresszum\/","title":{"rendered":"Imprint"},"content":{"rendered":"<p>[et_pb_section fb_built=\"1\u2033 _builder_version=\"4.27.4\u2033 _module_preset=\"default\" background_color=\"#FFFFFF\" custom_margin=\"-85px||||false|false\" custom_margin_tablet=\"6%||||false|false\" custom_margin_phone=\"7%||||false|false\" custom_margin_last_edited=\"on|desktop\" custom_padding=\"100px||100px||true|false\" global_colors_info=\"{}\"][et_pb_row use_custom_gutter=\"on\" gutter_width=\"2\u2033 make_equal=\"on\" _builder_version=\"4.27.4\u2033 _module_preset=\"default\" width_tablet=\"90%\" width_phone=\"90%\" width_last_edited=\"off|desktop\" max_width=\"1400px\" max_width_tablet=\"90%\" max_width_phone=\"90%\" max_width_last_edited=\"off|desktop\" custom_margin=\"1%||||false|false\" custom_margin_tablet=\"-5%||||false|false\" custom_margin_phone=\"0%||||false|false\" custom_margin_last_edited=\"on|desktop\" custom_padding=\"0px||0px||true|\" animation_direction=\"left\" global_colors_info=\"{}\"][et_pb_column type=\"4_4\u2033 _builder_version=\"4.16\u2033 _module_preset=\u201ddefault\u201d global_colors_info=\u201d{}\u201d][et_pb_text _builder_version=\u201d4.27.4\u2033 _module_preset=\u201d4c318c0d-e087-4b87-96a0-024777898136\u2033 text_font=\u201dKarma||||||||\u201d text_text_color=\u201d#000000\u2033 text_font_size=\u201d17.5px\" text_line_height=\"1.8em\" header_3_font=\"Poppins|700|||||||\" header_3_text_color=\"#525f66\u2033 header_3_font_size=\"45px\" header_3_line_height=\"1.4em\" max_width=\"620px\" max_width_tablet=\"100%\" max_width_phone=\"\" max_width_last_edited=\"on|desktop\" custom_margin=\"0px||3%||false|false\" custom_margin_tablet=\"-10%||||false|false\" custom_margin_phone=\"-30%||||false|false\" custom_margin_last_edited=\"on|desktop\" animation_style=\"slide\" animation_direction=\"left\" animation_duration=\"700ms\" text_font_size_tablet=\"17.5px\" text_font_size_phone=\"17px\" text_font_size_last_edited=\"on|phone\" header_3_text_align_tablet=\"\"\" header_3_text_align_phone=\"left\" header_3_text_align_last_edited=\"on|phone\" header_3_font_size_tablet=\"35px\" header_3_font_size_phone=\"35px\" header_3_font_size_last_edited=\"on|phone\" header_3_line_height_tablet=\"1.5em\" header_3_line_height_phone=\"1.4em\" header_3_line_height_last_edited=\"on|desktop\" text_orientation_tablet=\"\" text_orientation_phone=\"justified\" text_orientation_last_edited=\"on|phone\" global_colors_info=\"{}\"]<\/p>\n<h3>Imprint<\/h3>\n<p>[\/et_pb_text][et_pb_text _builder_version=\u201d4.27.4\u2033 _module_preset=\u201d4c318c0d-e087-4b87-96a0-024777898136\u2033 text_font=\u201dPoppins||||||||\u201d text_text_color=\u201d#54504f\u201d text_font_size=\u201d16px\u201d text_line_height=\u201d1.8em\" header_3_font=\"Poppins|700|||||||\" header_3_text_color=\"rgba(47,153,138,0.76)\" header_3_font_size=\"35px\" header_3_line_height=\"2.2em\" text_orientation=\"justified\" max_width_tablet=\"100%\" max_width_phone=\"\" max_width_last_edited=\"on|desktop\" custom_margin=\"-18px|1.5vw|||false|false\" custom_margin_tablet=\"-2%||||false|false\" custom_margin_phone=\"7%||||false|false\" custom_margin_last_edited=\"on|desktop\" animation_style=\"slide\" animation_direction=\"left\" animation_duration=\"700ms\" hover_enabled=\"0\u2033 text_font_size_tablet=\"16px\" text_font_size_phone=\"16px\" text_font_size_last_edited=\"on|phone\" header_3_text_align_tablet=\"\" header_3_text_align_phone=\"left\" header_3_text_align_last_edited=\"on|phone\" header_3_font_size_tablet=\"30px\" header_3_font_size_phone=\"30px\" header_3_font_size_last_edited=\"on|phone\" header_3_line_height_tablet=\"1.5em\" header_3_line_height_phone=\"1.4em\" header_3_line_height_last_edited=\"on|desktop\" text_orientation_tablet=\"justified\" text_orientation_phone=\"justified\" text_orientation_last_edited=\"on|phone\" global_colors_info=\"{}\" sticky_enabled=\"0\u2033]<\/p>\n<p>Lynx Real Estate Ltd. (registered office: 1133 Budapest, V\u00e1ci \u00fat 110.)<\/p>\n<p>Representative of the investor in charge of the transaction: Magyar Ingatlanberuh\u00e1z\u00f3 Zrt.<\/p>\n<p>Address: 1133 Budapest, V\u00e1ci \u00fat 110.<\/p>\n<p>Phone: +36 30 568 0504<\/p>\n<p>E-mail: hello@brickeryhomes.hu<\/p>\n<p>Internet: https:\/\/brickeryhomes.hu\/<\/p>\n<p>Company registration authority: Metropolitan Court of Budapest<\/p>\n<p>Company registration number: 01-10-141424<\/p>\n<p>Tax number: 29314711-2-42<\/p>\n<p>Web hosting provider: Ingressus Kft. (2366 Kakucs, F\u0151 utca 155.)<\/p>\n<p>[\/et_pb_text][\/et_pb_column][\/et_pb_row][\/et_pb_section]<\/p>","protected":false},"excerpt":{"rendered":"<p>ImprintLynx Real Estate Kft. (registered office: 1133 Budapest, V\u00e1ci \u00fat 110.) The investor's representative in charge of the transaction is Magyar Ingatlanberuh\u00e1z\u00f3 Zrt. Phone: +36 30 568 0504 E-mail: hello@brickeryhomes.hu Internet: https:\/\/brickeryhomes.hu\/ Company registration authority: F\u0151v\u00e1rosi T\u00f6rv\u00e9nysz\u00e9k Company registration number: 01-10-141424 Tax number: 29314711-2-42 Storage service provider: Ingressus Kft. (2366 Kakucs, F\u0151 utca 155.)<\/p>","protected":false},"author":1,"featured_media":0,"parent":0,"menu_order":0,"comment_status":"closed","ping_status":"closed","template":"","meta":{"_et_pb_use_builder":"on","_et_pb_old_content":"<!-- wp:divi\/placeholder \/-->","_et_gb_content_width":"","footnotes":""},"class_list":["post-71862","page","type-page","status-publish","hentry"],"_links":{"self":[{"href":"https:\/\/brickeryhomes.hu\/en\/wp-json\/wp\/v2\/pages\/71862","targetHints":{"allow":["GET"]}}],"collection":[{"href":"https:\/\/brickeryhomes.hu\/en\/wp-json\/wp\/v2\/pages"}],"about":[{"href":"https:\/\/brickeryhomes.hu\/en\/wp-json\/wp\/v2\/types\/page"}],"author":[{"embeddable":true,"href":"https:\/\/brickeryhomes.hu\/en\/wp-json\/wp\/v2\/users\/1"}],"replies":[{"embeddable":true,"href":"https:\/\/brickeryhomes.hu\/en\/wp-json\/wp\/v2\/comments?post=71862"}],"version-history":[{"count":7,"href":"https:\/\/brickeryhomes.hu\/en\/wp-json\/wp\/v2\/pages\/71862\/revisions"}],"predecessor-version":[{"id":72387,"href":"https:\/\/brickeryhomes.hu\/en\/wp-json\/wp\/v2\/pages\/71862\/revisions\/72387"}],"wp:attachment":[{"href":"https:\/\/brickeryhomes.hu\/en\/wp-json\/wp\/v2\/media?parent=71862"}],"curies":[{"name":"wp","href":"https:\/\/api.w.org\/{rel}","templated":true}]}}